{"id":10032,"date":"2022-07-28T15:06:02","date_gmt":"2022-07-28T20:06:02","guid":{"rendered":"https:\/\/artes.utp.edu.co\/doctorado-literatura\/?page_id=10032"},"modified":"2023-05-24T10:58:32","modified_gmt":"2023-05-24T15:58:32","slug":"inversion-y-financiacion","status":"publish","type":"page","link":"https:\/\/artes.utp.edu.co\/doctorado-literatura\/inversion-y-financiacion\/","title":{"rendered":"Inversi\u00f3n y Financiaci\u00f3n"},"content":{"rendered":"\n<div class=\"wp-block-columns are-vertically-aligned-center is-layout-flex wp-container-core-columns-is-layout-9d6595d7 wp-block-columns-is-layout-flex\">\n<div class=\"wp-block-column is-vertically-aligned-center is-layout-flow wp-block-column-is-layout-flow\">\n<figure class=\"wp-block-image size-large\"><img decoding=\"async\" src=\"https:\/\/media2.utp.edu.co\/programas\/3\/valor-de-la-matricula.png\" alt=\"\"\/><\/figure>\n<\/div>\n\n\n\n<div class=\"wp-block-column is-vertically-aligned-center is-layout-flow wp-block-column-is-layout-flow\">\n<p><span class=\"post-content__span\"> Inscripci\u00f3n: 0.25 SMMLV<\/p>\n\n\n\n<p><span class=\"post-content__span\"> Valor de matr\u00edcula por semestre: 9 SMMLV (8 semestres)<\/p>\n\n\n\n<p><span class=\"post-content__span\"> <strong>Inscripciones:<\/strong> Adquirir el PIN de posgrados de la Universidad Tecnol\u00f3gica de Pereira en el Banco Popular o en la caja del FAVI de la Universidad y hacerinscripci\u00f3n a trav\u00e9s de la p\u00e1gina Web de la Universidad Tecnol\u00f3gica de Pereira.<\/p>\n\n\n\n<p><span class=\"post-content__span\"> <strong>Matr\u00edculas:<\/strong> Para realizar la matr\u00edcula, descargar el recibo de pago a trav\u00e9s de la p\u00e1gina Web de la Universidad Tecnol\u00f3gica de Pereira y efectuar el pago conforme all\u00ed est\u00e1 descrito.<\/p>\n<\/div>\n<\/div>\n","protected":false},"excerpt":{"rendered":"<p>Inscripci\u00f3n: 0.25 SMMLV Valor de matr\u00edcula por semestre: 9 SMMLV (8 semestres) Inscripciones: Adquirir el PIN de posgrados de la Universidad Tecnol\u00f3gica de Pereira en el Banco Popular o en [&#8230;]<\/p>\n","protected":false},"author":1,"featured_media":0,"parent":0,"menu_order":0,"comment_status":"closed","ping_status":"closed","template":"","meta":{"footnotes":""},"class_list":["post-10032","page","type-page","status-publish","hentry"],"_links":{"self":[{"href":"https:\/\/artes.utp.edu.co\/doctorado-literatura\/wp-json\/wp\/v2\/pages\/10032","targetHints":{"allow":["GET"]}}],"collection":[{"href":"https:\/\/artes.utp.edu.co\/doctorado-literatura\/wp-json\/wp\/v2\/pages"}],"about":[{"href":"https:\/\/artes.utp.edu.co\/doctorado-literatura\/wp-json\/wp\/v2\/types\/page"}],"author":[{"embeddable":true,"href":"https:\/\/artes.utp.edu.co\/doctorado-literatura\/wp-json\/wp\/v2\/users\/1"}],"replies":[{"embeddable":true,"href":"https:\/\/artes.utp.edu.co\/doctorado-literatura\/wp-json\/wp\/v2\/comments?post=10032"}],"version-history":[{"count":2,"href":"https:\/\/artes.utp.edu.co\/doctorado-literatura\/wp-json\/wp\/v2\/pages\/10032\/revisions"}],"predecessor-version":[{"id":10207,"href":"https:\/\/artes.utp.edu.co\/doctorado-literatura\/wp-json\/wp\/v2\/pages\/10032\/revisions\/10207"}],"wp:attachment":[{"href":"https:\/\/artes.utp.edu.co\/doctorado-literatura\/wp-json\/wp\/v2\/media?parent=10032"}],"curies":[{"name":"wp","href":"https:\/\/api.w.org\/{rel}","templated":true}]}}