{"id":660,"date":"2022-07-21T11:37:17","date_gmt":"2022-07-21T16:37:17","guid":{"rendered":"https:\/\/artes.utp.edu.co\/especializacion-en-dramaturgia-del-actor\/?page_id=660"},"modified":"2025-10-31T12:07:47","modified_gmt":"2025-10-31T17:07:47","slug":"inscripciones","status":"publish","type":"page","link":"https:\/\/artes.utp.edu.co\/especializacion-en-dramaturgia-del-actor\/inscripciones\/","title":{"rendered":"Inscripciones"},"content":{"rendered":"\n<div class=\"wp-block-columns is-layout-flex wp-container-core-columns-is-layout-9d6595d7 wp-block-columns-is-layout-flex\">\n<div class=\"wp-block-column is-layout-flow wp-block-column-is-layout-flow\">\n<div class=\"wp-block-columns is-layout-flex wp-container-core-columns-is-layout-9d6595d7 wp-block-columns-is-layout-flex\">\n<div class=\"wp-block-column is-layout-flow wp-block-column-is-layout-flow\">\n<figure class=\"wp-block-image size-large\"><img decoding=\"async\" src=\"https:\/\/media2.utp.edu.co\/imagenes\/paso1.png\" alt=\"Paso 1\"\/><\/figure>\n<\/div>\n\n\n\n<div class=\"wp-block-column is-layout-flow wp-block-column-is-layout-flow\">\n<p><span class=\"post-content__span\"> Realizar <strong><a href=\"https:\/\/app4.utp.edu.co\/gtisi\/enrollments\/stepper-enrollment\" target=\"_blank\" rel=\"noreferrer noopener\">inscripci\u00f3n<\/a><\/strong><\/p>\n<\/div>\n<\/div>\n<\/div>\n\n\n\n<div class=\"wp-block-column is-layout-flow wp-block-column-is-layout-flow\">\n<p><span class=\"post-content__span\"> \u00bfC\u00f3mo se realiza la inscripci\u00f3n?&nbsp;<\/p>\n\n\n\n<p><span class=\"post-content__span\"> Desde cualquier parte del pa\u00eds donde se encuentre el aspirante, debe tener en cuenta:&nbsp;<\/p>\n\n\n\n<p><span class=\"post-content__span\"> 1. Comprar un pin en: (el cual tiene un valor de smlv) <\/p>\n\n\n\n<p><span class=\"post-content__span\"> \u25cf  Cooperativa Favi: <strong>&nbsp;CAJA PRINCIPAL UTP \u2013&nbsp;Bloque de la Cafeter\u00eda Principal (GALP\u00d3N)<\/strong> <strong>Solo para pagos en efectivo<\/strong>.<\/p>\n\n\n\n<p><span class=\"post-content__span\">  \u25cf O Haciendo la compra en<strong> <a href=\"https:\/\/app4.utp.edu.co\/pagos\/pines\/index.php\">L\u00cdNEA AQU\u00cd<\/a>. <\/strong> <\/p>\n\n\n\n<p><span class=\"post-content__span\"> <\/p>\n<\/div>\n<\/div>\n\n\n\n<hr class=\"wp-block-separator has-alpha-channel-opacity\"\/>\n\n\n\n<div class=\"wp-block-columns is-layout-flex wp-container-core-columns-is-layout-9d6595d7 wp-block-columns-is-layout-flex\">\n<div class=\"wp-block-column is-layout-flow wp-block-column-is-layout-flow\">\n<p><span class=\"post-content__span\"> Ingresar a la p\u00e1gina web <a rel=\"noreferrer noopener\" href=\"http:\/\/www.utp.edu.co\/inscripciones\" target=\"_blank\">www.utp.edu.co\/inscripciones<\/a> <\/p>\n\n\n\n<p><span class=\"post-content__span\"> Paso No. 1 (A- Ingrese a realizar Inscripci\u00f3n ) de clic en  Programa de posgrados,  Busque  nuestro posgrado y comience a diligenciar el formulario de inscripci\u00f3n.&nbsp;<\/p>\n\n\n\n<p><span class=\"post-content__span\"> <\/p>\n\n\n\n<p><span class=\"post-content__span\"> <\/p>\n<\/div>\n\n\n\n<div class=\"wp-block-column is-layout-flow wp-block-column-is-layout-flow\">\n<div class=\"wp-block-columns is-layout-flex wp-container-core-columns-is-layout-9d6595d7 wp-block-columns-is-layout-flex\">\n<div class=\"wp-block-column is-layout-flow wp-block-column-is-layout-flow\">\n<p><span class=\"post-content__span\"> <\/p>\n<\/div>\n\n\n\n<div class=\"wp-block-column is-layout-flow wp-block-column-is-layout-flow\">\n<figure class=\"wp-block-image size-large\"><img decoding=\"async\" src=\"https:\/\/media2.utp.edu.co\/imagenes\/paso2.png\" alt=\"Paso 2\"\/><\/figure>\n<\/div>\n<\/div>\n<\/div>\n<\/div>\n\n\n\n<hr class=\"wp-block-separator has-alpha-channel-opacity\"\/>\n\n\n\n<div class=\"wp-block-columns is-layout-flex wp-container-core-columns-is-layout-9d6595d7 wp-block-columns-is-layout-flex\">\n<div class=\"wp-block-column is-layout-flow wp-block-column-is-layout-flow\">\n<div class=\"wp-block-columns is-layout-flex wp-container-core-columns-is-layout-9d6595d7 wp-block-columns-is-layout-flex\">\n<div class=\"wp-block-column is-layout-flow wp-block-column-is-layout-flow\">\n<figure class=\"wp-block-image size-large\"><img decoding=\"async\" src=\"https:\/\/media2.utp.edu.co\/imagenes\/paso3.png\" alt=\"Paso 3\"\/><\/figure>\n<\/div>\n\n\n\n<div class=\"wp-block-column is-layout-flow wp-block-column-is-layout-flow\">\n<p><span class=\"post-content__span\"> Ingresar <strong><a rel=\"noreferrer noopener\" href=\"http:\/\/app4.utp.edu.co\/MatAcad\/inscripcionesUTP\/estadoAdmDig.php\" target=\"_blank\">documentos<\/a><\/strong><\/p>\n<\/div>\n<\/div>\n<\/div>\n\n\n\n<div class=\"wp-block-column is-layout-flow wp-block-column-is-layout-flow\">\n<p><span class=\"post-content__span\"> 3. Ingresar a la p\u00e1gina web <a rel=\"noreferrer noopener\" href=\"http:\/\/www.utp.edu.co\/inscripciones\" target=\"_blank\">www.utp.edu.co\/inscripciones<\/a> paso No 3 ( C-ingresar documentos) con su PIN de inscripci\u00f3n y documento de identidad; cargue  los documentos que son requisito de inscripci\u00f3n.&nbsp;<\/p>\n\n\n\n<ul class=\"wp-block-list\">\n<li>Copia de C\u00e9dula<\/li>\n\n\n\n<li>Certificado EPS ( Cotizante o Beneficiario)<\/li>\n\n\n\n<li>Copia del Acta de Grado de su profesi\u00f3n<\/li>\n\n\n\n<li>Foto en fondo blanco.<\/li>\n\n\n\n<li>Certificado de Notas. (&nbsp;<strong>si es egresado de la UTP, no&nbsp;se&nbsp;requiere este documento<\/strong>)&nbsp;<\/li>\n\n\n\n<li>Certificado de las elecciones del pasado 29 de octubre de 2023. Este documento otorga&nbsp; 10% de descuento sobre el valor de la matr\u00edcula del semestre<\/li>\n<\/ul>\n<\/div>\n<\/div>\n\n\n\n<hr class=\"wp-block-separator has-alpha-channel-opacity\"\/>\n\n\n\n<div class=\"wp-block-columns is-layout-flex wp-container-core-columns-is-layout-9d6595d7 wp-block-columns-is-layout-flex\">\n<div class=\"wp-block-column is-layout-flow wp-block-column-is-layout-flow\"><\/div>\n\n\n\n<div class=\"wp-block-column is-layout-flow wp-block-column-is-layout-flow\">\n<div class=\"wp-block-columns is-layout-flex wp-container-core-columns-is-layout-9d6595d7 wp-block-columns-is-layout-flex\">\n<div class=\"wp-block-column is-layout-flow wp-block-column-is-layout-flow\">\n<p><span class=\"post-content__span\"> Descargar <strong><a rel=\"noreferrer noopener\" href=\"http:\/\/app4.utp.edu.co\/pagos\/recibos\/indexPrim.php\" target=\"_blank\">recibo de pago<\/a><\/strong><\/p>\n<\/div>\n\n\n\n<div class=\"wp-block-column is-layout-flow wp-block-column-is-layout-flow\">\n<figure class=\"wp-block-image size-large\"><img decoding=\"async\" src=\"https:\/\/media2.utp.edu.co\/imagenes\/paso4.png\" alt=\"Paso 4\"\/><\/figure>\n<\/div>\n<\/div>\n<\/div>\n<\/div>\n\n\n\n<p><span class=\"post-content__span\"> <a href=\"https:\/\/media2.utp.edu.co\/archivos\/Preguntas%20Frecuentes%20Posgrado%202021.pdf\"><strong>Preguntas Frecuentes <\/strong><\/a><\/p>\n\n\n\n<p><span class=\"post-content__span\"> <strong>Contacto:<\/strong> <a href=\"mailto:eda@utp.edu.co\">eda@utp.edu.co<\/a>  Celular\/WhatsApp 322 640 9183 <\/p>\n\n\n\n<p><span class=\"post-content__span\"> <strong>Clic para chat en WhatsApp<\/strong> <a rel=\"noreferrer noopener\" href=\"https:\/\/bit.ly\/Esp_DramaturgiaDelActor\" target=\"_blank\">https:\/\/bit.ly\/Esp_DramaturgiaDelActor<\/a><\/p>\n","protected":false},"excerpt":{"rendered":"<p>Realizar inscripci\u00f3n \u00bfC\u00f3mo se realiza la inscripci\u00f3n?&nbsp; Desde cualquier parte del pa\u00eds donde se encuentre el aspirante, debe tener en cuenta:&nbsp; 1. Comprar un pin en: (el cual tiene un [&#8230;]<\/p>\n","protected":false},"author":1,"featured_media":0,"parent":0,"menu_order":0,"comment_status":"closed","ping_status":"closed","template":"","meta":{"footnotes":""},"class_list":["post-660","page","type-page","status-publish","hentry"],"_links":{"self":[{"href":"https:\/\/artes.utp.edu.co\/especializacion-en-dramaturgia-del-actor\/wp-json\/wp\/v2\/pages\/660","targetHints":{"allow":["GET"]}}],"collection":[{"href":"https:\/\/artes.utp.edu.co\/especializacion-en-dramaturgia-del-actor\/wp-json\/wp\/v2\/pages"}],"about":[{"href":"https:\/\/artes.utp.edu.co\/especializacion-en-dramaturgia-del-actor\/wp-json\/wp\/v2\/types\/page"}],"author":[{"embeddable":true,"href":"https:\/\/artes.utp.edu.co\/especializacion-en-dramaturgia-del-actor\/wp-json\/wp\/v2\/users\/1"}],"replies":[{"embeddable":true,"href":"https:\/\/artes.utp.edu.co\/especializacion-en-dramaturgia-del-actor\/wp-json\/wp\/v2\/comments?post=660"}],"version-history":[{"count":9,"href":"https:\/\/artes.utp.edu.co\/especializacion-en-dramaturgia-del-actor\/wp-json\/wp\/v2\/pages\/660\/revisions"}],"predecessor-version":[{"id":847,"href":"https:\/\/artes.utp.edu.co\/especializacion-en-dramaturgia-del-actor\/wp-json\/wp\/v2\/pages\/660\/revisions\/847"}],"wp:attachment":[{"href":"https:\/\/artes.utp.edu.co\/especializacion-en-dramaturgia-del-actor\/wp-json\/wp\/v2\/media?parent=660"}],"curies":[{"name":"wp","href":"https:\/\/api.w.org\/{rel}","templated":true}]}}