{"id":82,"date":"2022-07-26T09:52:35","date_gmt":"2022-07-26T14:52:35","guid":{"rendered":"https:\/\/artes.utp.edu.co\/maestria-en-estudios-culturales-y-narrativas-contemporaneas\/?page_id=82"},"modified":"2025-07-14T08:23:35","modified_gmt":"2025-07-14T13:23:35","slug":"inversion-y-financiacion","status":"publish","type":"page","link":"https:\/\/artes.utp.edu.co\/maestria-en-estudios-culturales-y-narrativas-contemporaneas\/inversion-y-financiacion\/","title":{"rendered":"Inversi\u00f3n y Financiaci\u00f3n"},"content":{"rendered":"\n<div class=\"wp-block-columns are-vertically-aligned-center is-layout-flex wp-container-core-columns-is-layout-9d6595d7 wp-block-columns-is-layout-flex\">\n<div class=\"wp-block-column is-vertically-aligned-center is-layout-flow wp-block-column-is-layout-flow\">\n<figure class=\"wp-block-image size-large\"><img decoding=\"async\" src=\"https:\/\/media2.utp.edu.co\/programas\/3\/valor-de-la-matricula.png\" alt=\"\" \/><\/figure>\n<\/div>\n\n\n\n<div class=\"wp-block-column is-vertically-aligned-center is-layout-flow wp-block-column-is-layout-flow\">\n<p><span class=\"post-content__span\"> <strong>Costo Matr\u00edcula Semestre<\/strong>:<\/p>\n\n\n\n<p><span class=\"post-content__span\"> <em>Valor de matr\u00edcula por semestre: 6.5 SMLV<\/em><\/p>\n\n\n\n<p><span class=\"post-content__span\"> <em>Descuento 10% por ser egresado de la UTP<\/em><\/p>\n\n\n\n<p><span class=\"post-content__span\"> <em>Descuento 10% por carn\u00e9 de votaci\u00f3n<\/em><\/p>\n<\/div>\n<\/div>\n","protected":false},"excerpt":{"rendered":"<p>Costo Matr\u00edcula Semestre: Valor de matr\u00edcula por semestre: 6.5 SMLV Descuento 10% por ser egresado de la UTP Descuento 10% por carn\u00e9 de votaci\u00f3n<\/p>\n","protected":false},"author":1,"featured_media":0,"parent":0,"menu_order":0,"comment_status":"closed","ping_status":"closed","template":"","meta":{"footnotes":""},"class_list":["post-82","page","type-page","status-publish","hentry"],"_links":{"self":[{"href":"https:\/\/artes.utp.edu.co\/maestria-en-estudios-culturales-y-narrativas-contemporaneas\/wp-json\/wp\/v2\/pages\/82","targetHints":{"allow":["GET"]}}],"collection":[{"href":"https:\/\/artes.utp.edu.co\/maestria-en-estudios-culturales-y-narrativas-contemporaneas\/wp-json\/wp\/v2\/pages"}],"about":[{"href":"https:\/\/artes.utp.edu.co\/maestria-en-estudios-culturales-y-narrativas-contemporaneas\/wp-json\/wp\/v2\/types\/page"}],"author":[{"embeddable":true,"href":"https:\/\/artes.utp.edu.co\/maestria-en-estudios-culturales-y-narrativas-contemporaneas\/wp-json\/wp\/v2\/users\/1"}],"replies":[{"embeddable":true,"href":"https:\/\/artes.utp.edu.co\/maestria-en-estudios-culturales-y-narrativas-contemporaneas\/wp-json\/wp\/v2\/comments?post=82"}],"version-history":[{"count":3,"href":"https:\/\/artes.utp.edu.co\/maestria-en-estudios-culturales-y-narrativas-contemporaneas\/wp-json\/wp\/v2\/pages\/82\/revisions"}],"predecessor-version":[{"id":12287,"href":"https:\/\/artes.utp.edu.co\/maestria-en-estudios-culturales-y-narrativas-contemporaneas\/wp-json\/wp\/v2\/pages\/82\/revisions\/12287"}],"wp:attachment":[{"href":"https:\/\/artes.utp.edu.co\/maestria-en-estudios-culturales-y-narrativas-contemporaneas\/wp-json\/wp\/v2\/media?parent=82"}],"curies":[{"name":"wp","href":"https:\/\/api.w.org\/{rel}","templated":true}]}}